{"id":7410,"date":"2021-02-17T14:18:56","date_gmt":"2021-02-17T20:18:56","guid":{"rendered":"http:\/\/50.17.11.215\/?page_id=7410"},"modified":"2021-02-17T14:18:56","modified_gmt":"2021-02-17T20:18:56","slug":"casos-de-exito","status":"publish","type":"page","link":"https:\/\/adslivemedia.com\/en\/casos-de-exito\/","title":{"rendered":"SUCCESS STORY"},"content":{"rendered":"<div class=\"vc_row wpb_row vc_row-fluid\" ><div class=\"wpb_column vc_column_container vc_col-sm-12\"><div class=\"vc_column-inner\"><div class=\"wpb_wrapper\"><div class=\"mkdf-portfolio-fullscreen-slider-holder mkdf-pfs-light-skin mkdf-small-space\" style=\"height: calc(100vh - 40px )\"><div class=\"mkdf-portfolio-list-holder mkdf-grid-list mkdf-disable-bottom-space mkdf-pl-gallery mkdf-3-columns mkdf-small-space mkdf-pl-fullscreen-slider-box     mkdf-pl-pag-no-pagination\"  data-type=\"gallery\" data-number-of-columns=\"3\" data-space-between-items=\"small\" data-number-of-items=\"-1\" data-image-proportions=\"full\" data-enable-fixed-proportions=\"no\" data-enable-image-shadow=\"no\" data-category=\"success-stories\" data-orderby=\"date\" data-order=\"ASC\" data-item-style=\"fullscreen-slider-box\" data-enable-title=\"yes\" data-title-tag=\"h4\" data-enable-category=\"no\" data-enable-count-images=\"yes\" data-enable-excerpt=\"no\" data-excerpt-length=\"20\" data-pagination-type=\"no-pagination\" data-filter=\"no\" data-filter-order-by=\"name\" data-enable-article-animation=\"no\" data-portfolio-slider-on=\"no\" data-enable-loop=\"yes\" data-enable-autoplay=\"yes\" data-slider-speed=\"5000\" data-slider-speed-animation=\"600\" data-enable-navigation=\"yes\" data-enable-pagination=\"yes\" data-portfolio-fullscreen-slider=\"yes\" data-subtract-from-height=\"40\" data-max-num-pages=\"0\" data-next-page=\"2\">\n\t\t<div class=\"mkdf-pl-inner mkdf-outer-space  mkdf-portfolio-fs-slider clearfix\">\n\t\t<article class=\"mkdf-pl-item mkdf-item-space  post-7381 portfolio-item type-portfolio-item status-publish has-post-thumbnail hentry portfolio-category-success-stories\">\n    <div class=\"mkdf-pl-item-inner\">\n\t\t<div class=\"mkdf-pli-image-holder mkdf-idle\" style=\"background-image: url('https:\/\/adslivemedia.com\/wp-content\/uploads\/2021\/02\/Texaco_601x897.png')\">\n    <div class=\"mkdf-pli-text-holder\">\n        <div class=\"mkdf-pli-text-wrapper\">\n            <div class=\"mkdf-pli-text\">\n\t\t\t\t\t<h4 itemprop=\"name\" class=\"mkdf-pli-title entry-title\" >\n\t\tAdvergame Texaco\t<\/h4>\n\t\t\t\t\t\t\t\t            <\/div>\n        <\/div>\n    <\/div>\n<\/div>\n\n\t\t            <a itemprop=\"url\" class=\"mkdf-pli-link mkdf-block-drag-link\" href=\"https:\/\/adslivemedia.com\/en\/portfolio-item\/advergame-texaco\/\" target=\"_self\"><\/a>\n\t\t    <\/div>\n<\/article><article class=\"mkdf-pl-item mkdf-item-space  post-7382 portfolio-item type-portfolio-item status-publish has-post-thumbnail hentry portfolio-category-success-stories\">\n    <div class=\"mkdf-pl-item-inner\">\n\t\t<div class=\"mkdf-pli-image-holder mkdf-idle\" style=\"background-image: url('https:\/\/adslivemedia.com\/wp-content\/uploads\/2021\/02\/Petalo_601x897.png')\">\n    <div class=\"mkdf-pli-text-holder\">\n        <div class=\"mkdf-pli-text-wrapper\">\n            <div class=\"mkdf-pli-text\">\n\t\t\t\t\t<h4 itemprop=\"name\" class=\"mkdf-pli-title entry-title\" >\n\t\tFiltro P\u00e9talo\t<\/h4>\n\t\t\t\t\t\t\t\t            <\/div>\n        <\/div>\n    <\/div>\n<\/div>\n\n\t\t            <a itemprop=\"url\" class=\"mkdf-pli-link mkdf-block-drag-link\" href=\"https:\/\/adslivemedia.com\/en\/portfolio-item\/filtro-petalo\/\" target=\"_self\"><\/a>\n\t\t    <\/div>\n<\/article><article class=\"mkdf-pl-item mkdf-item-space  post-7383 portfolio-item type-portfolio-item status-publish has-post-thumbnail hentry portfolio-category-success-stories\">\n    <div class=\"mkdf-pl-item-inner\">\n\t\t<div class=\"mkdf-pli-image-holder mkdf-idle\" style=\"background-image: url('https:\/\/adslivemedia.com\/wp-content\/uploads\/2021\/02\/QUETZALTECA_601x897.png')\">\n    <div class=\"mkdf-pli-text-holder\">\n        <div class=\"mkdf-pli-text-wrapper\">\n            <div class=\"mkdf-pli-text\">\n\t\t\t\t\t<h4 itemprop=\"name\" class=\"mkdf-pli-title entry-title\" >\n\t\tAdvergame Quetzalteca\t<\/h4>\n\t\t\t\t\t\t\t\t            <\/div>\n        <\/div>\n    <\/div>\n<\/div>\n\n\t\t            <a itemprop=\"url\" class=\"mkdf-pli-link mkdf-block-drag-link\" href=\"https:\/\/adslivemedia.com\/en\/portfolio-item\/advergame-quetzalteca\/\" target=\"_self\"><\/a>\n\t\t    <\/div>\n<\/article>\t<\/div>\n\t\n\t<\/div><\/div><\/div><\/div><\/div><\/div>","protected":false},"excerpt":{"rendered":"\u201cAy\u00fadanos a encender el purr\u00fan\u201d Rosita Quezalteca Quetzalteca pertenece a Licores de Guatemala, una organizaci\u00f3n l\u00edder dedicada a la producci\u00f3n y distribuci\u00f3n de los rones a\u00f1ejos m\u00e1s finos junto con otras bebidas espirituosas de alta calidad en mercados nacionales e [...]","protected":false},"author":1,"featured_media":0,"parent":0,"menu_order":0,"comment_status":"closed","ping_status":"closed","template":"full-width.php","meta":{"_acf_changed":false,"footnotes":""},"class_list":["post-7410","page","type-page","status-publish","hentry"],"acf":[],"yoast_head":"<!-- This site is optimized with the Yoast SEO Premium plugin v26.4 (Yoast SEO v27.3) - https:\/\/yoast.com\/product\/yoast-seo-premium-wordpress\/ -->\n<title>Casos de \u00e9xito - Adslive Media<\/title>\n<meta name=\"robots\" content=\"index, follow, max-snippet:-1, max-image-preview:large, max-video-preview:-1\" \/>\n<link rel=\"canonical\" href=\"https:\/\/www.adslivemedia.com\/casos-de-exito\/\" \/>\n<meta property=\"og:locale\" content=\"en_US\" \/>\n<meta property=\"og:type\" content=\"article\" \/>\n<meta property=\"og:title\" content=\"Casos de \u00e9xito\" \/>\n<meta property=\"og:url\" content=\"https:\/\/www.adslivemedia.com\/casos-de-exito\/\" \/>\n<meta property=\"og:site_name\" content=\"Adslive Media\" \/>\n<meta property=\"article:publisher\" content=\"https:\/\/www.facebook.com\/AdsLiveMedia\" \/>\n<meta property=\"og:image\" content=\"https:\/\/adslivemedia.com\/wp-content\/uploads\/2023\/08\/adslivelogo-256.png\" \/>\n\t<meta property=\"og:image:width\" content=\"256\" \/>\n\t<meta property=\"og:image:height\" content=\"256\" \/>\n\t<meta property=\"og:image:type\" content=\"image\/png\" \/>\n<meta name=\"twitter:card\" content=\"summary_large_image\" \/>\n<script type=\"application\/ld+json\" class=\"yoast-schema-graph\">{\"@context\":\"https:\\\/\\\/schema.org\",\"@graph\":[{\"@type\":\"WebPage\",\"@id\":\"https:\\\/\\\/www.adslivemedia.com\\\/casos-de-exito\\\/\",\"url\":\"https:\\\/\\\/www.adslivemedia.com\\\/casos-de-exito\\\/\",\"name\":\"Casos de \u00e9xito - Adslive Media\",\"isPartOf\":{\"@id\":\"http:\\\/\\\/172.26.6.58\\\/#website\"},\"datePublished\":\"2021-02-17T20:18:56+00:00\",\"breadcrumb\":{\"@id\":\"https:\\\/\\\/www.adslivemedia.com\\\/casos-de-exito\\\/#breadcrumb\"},\"inLanguage\":\"en-US\",\"potentialAction\":[{\"@type\":\"ReadAction\",\"target\":[\"https:\\\/\\\/www.adslivemedia.com\\\/casos-de-exito\\\/\"]}]},{\"@type\":\"BreadcrumbList\",\"@id\":\"https:\\\/\\\/www.adslivemedia.com\\\/casos-de-exito\\\/#breadcrumb\",\"itemListElement\":[{\"@type\":\"ListItem\",\"position\":1,\"name\":\"Portada\",\"item\":\"http:\\\/\\\/172.26.6.58\\\/\"},{\"@type\":\"ListItem\",\"position\":2,\"name\":\"Casos de \u00e9xito\"}]},{\"@type\":\"WebSite\",\"@id\":\"http:\\\/\\\/172.26.6.58\\\/#website\",\"url\":\"http:\\\/\\\/172.26.6.58\\\/\",\"name\":\"Adslive Media\",\"description\":\"Comercializadora de medios digitales\",\"publisher\":{\"@id\":\"http:\\\/\\\/172.26.6.58\\\/#organization\"},\"alternateName\":\"AdsLive\",\"potentialAction\":[{\"@type\":\"SearchAction\",\"target\":{\"@type\":\"EntryPoint\",\"urlTemplate\":\"http:\\\/\\\/172.26.6.58\\\/?s={search_term_string}\"},\"query-input\":{\"@type\":\"PropertyValueSpecification\",\"valueRequired\":true,\"valueName\":\"search_term_string\"}}],\"inLanguage\":\"en-US\"},{\"@type\":\"Organization\",\"@id\":\"http:\\\/\\\/172.26.6.58\\\/#organization\",\"name\":\"Adslive Media\",\"url\":\"http:\\\/\\\/172.26.6.58\\\/\",\"logo\":{\"@type\":\"ImageObject\",\"inLanguage\":\"en-US\",\"@id\":\"http:\\\/\\\/172.26.6.58\\\/#\\\/schema\\\/logo\\\/image\\\/\",\"url\":\"https:\\\/\\\/adslivemedia.com\\\/wp-content\\\/uploads\\\/2022\\\/11\\\/btn-play.png\",\"contentUrl\":\"https:\\\/\\\/adslivemedia.com\\\/wp-content\\\/uploads\\\/2022\\\/11\\\/btn-play.png\",\"width\":439,\"height\":474,\"caption\":\"Adslive Media\"},\"image\":{\"@id\":\"http:\\\/\\\/172.26.6.58\\\/#\\\/schema\\\/logo\\\/image\\\/\"},\"sameAs\":[\"https:\\\/\\\/www.facebook.com\\\/AdsLiveMedia\"]}]}<\/script>\n<!-- \/ Yoast SEO Premium plugin. -->","yoast_head_json":{"title":"Casos de \u00e9xito - Adslive Media","robots":{"index":"index","follow":"follow","max-snippet":"max-snippet:-1","max-image-preview":"max-image-preview:large","max-video-preview":"max-video-preview:-1"},"canonical":"https:\/\/www.adslivemedia.com\/casos-de-exito\/","og_locale":"en_US","og_type":"article","og_title":"Casos de \u00e9xito","og_url":"https:\/\/www.adslivemedia.com\/casos-de-exito\/","og_site_name":"Adslive Media","article_publisher":"https:\/\/www.facebook.com\/AdsLiveMedia","og_image":[{"width":256,"height":256,"url":"https:\/\/adslivemedia.com\/wp-content\/uploads\/2023\/08\/adslivelogo-256.png","type":"image\/png"}],"twitter_card":"summary_large_image","schema":{"@context":"https:\/\/schema.org","@graph":[{"@type":"WebPage","@id":"https:\/\/www.adslivemedia.com\/casos-de-exito\/","url":"https:\/\/www.adslivemedia.com\/casos-de-exito\/","name":"Casos de \u00e9xito - Adslive Media","isPartOf":{"@id":"http:\/\/172.26.6.58\/#website"},"datePublished":"2021-02-17T20:18:56+00:00","breadcrumb":{"@id":"https:\/\/www.adslivemedia.com\/casos-de-exito\/#breadcrumb"},"inLanguage":"en-US","potentialAction":[{"@type":"ReadAction","target":["https:\/\/www.adslivemedia.com\/casos-de-exito\/"]}]},{"@type":"BreadcrumbList","@id":"https:\/\/www.adslivemedia.com\/casos-de-exito\/#breadcrumb","itemListElement":[{"@type":"ListItem","position":1,"name":"Portada","item":"http:\/\/172.26.6.58\/"},{"@type":"ListItem","position":2,"name":"Casos de \u00e9xito"}]},{"@type":"WebSite","@id":"http:\/\/172.26.6.58\/#website","url":"http:\/\/172.26.6.58\/","name":"Adslive Media","description":"Comercializadora de medios digitales","publisher":{"@id":"http:\/\/172.26.6.58\/#organization"},"alternateName":"AdsLive","potentialAction":[{"@type":"SearchAction","target":{"@type":"EntryPoint","urlTemplate":"http:\/\/172.26.6.58\/?s={search_term_string}"},"query-input":{"@type":"PropertyValueSpecification","valueRequired":true,"valueName":"search_term_string"}}],"inLanguage":"en-US"},{"@type":"Organization","@id":"http:\/\/172.26.6.58\/#organization","name":"Adslive Media","url":"http:\/\/172.26.6.58\/","logo":{"@type":"ImageObject","inLanguage":"en-US","@id":"http:\/\/172.26.6.58\/#\/schema\/logo\/image\/","url":"https:\/\/adslivemedia.com\/wp-content\/uploads\/2022\/11\/btn-play.png","contentUrl":"https:\/\/adslivemedia.com\/wp-content\/uploads\/2022\/11\/btn-play.png","width":439,"height":474,"caption":"Adslive Media"},"image":{"@id":"http:\/\/172.26.6.58\/#\/schema\/logo\/image\/"},"sameAs":["https:\/\/www.facebook.com\/AdsLiveMedia"]}]}},"_links":{"self":[{"href":"https:\/\/adslivemedia.com\/en\/wp-json\/wp\/v2\/pages\/7410","targetHints":{"allow":["GET"]}}],"collection":[{"href":"https:\/\/adslivemedia.com\/en\/wp-json\/wp\/v2\/pages"}],"about":[{"href":"https:\/\/adslivemedia.com\/en\/wp-json\/wp\/v2\/types\/page"}],"author":[{"embeddable":true,"href":"https:\/\/adslivemedia.com\/en\/wp-json\/wp\/v2\/users\/1"}],"replies":[{"embeddable":true,"href":"https:\/\/adslivemedia.com\/en\/wp-json\/wp\/v2\/comments?post=7410"}],"version-history":[{"count":0,"href":"https:\/\/adslivemedia.com\/en\/wp-json\/wp\/v2\/pages\/7410\/revisions"}],"wp:attachment":[{"href":"https:\/\/adslivemedia.com\/en\/wp-json\/wp\/v2\/media?parent=7410"}],"curies":[{"name":"wp","href":"https:\/\/api.w.org\/{rel}","templated":true}]}}