{"id":10518,"date":"2025-10-27T20:52:47","date_gmt":"2025-10-27T20:52:47","guid":{"rendered":"https:\/\/www.adslivemedia.com\/?page_id=10518"},"modified":"2025-10-27T20:52:48","modified_gmt":"2025-10-27T20:52:48","slug":"terminos-y-condiciones","status":"publish","type":"page","link":"https:\/\/adslivemedia.com\/en\/terminos-y-condiciones\/","title":{"rendered":"T\u00e9rminos y Condiciones"},"content":{"rendered":"<p>En AdsLive Media valoramos y protegemos tu privacidad. La informaci\u00f3n que compartas al solicitar informaci\u00f3n a trav\u00e9s de LinkedIn ser\u00e1 utilizada exclusivamente para atender tu solicitud y ofrecerte detalles sobre nuestros productos o servicios.<\/p>\n\n\n\n<p>No compartiremos tus datos personales con terceros sin tu consentimiento previo. Puedes solicitar la modificaci\u00f3n o eliminaci\u00f3n de tu informaci\u00f3n en cualquier momento escribi\u00e9ndonos a info@adslivemedia.com<\/p>","protected":false},"excerpt":{"rendered":"<p>En AdsLive Media valoramos y protegemos tu privacidad. La informaci\u00f3n que compartas al solicitar informaci\u00f3n a trav\u00e9s de LinkedIn ser\u00e1 utilizada exclusivamente para atender tu solicitud y ofrecerte detalles sobre nuestros productos o servicios. No compartiremos tus datos personales con [&hellip;]<\/p>","protected":false},"author":1,"featured_media":0,"parent":0,"menu_order":0,"comment_status":"closed","ping_status":"closed","template":"","meta":{"_acf_changed":false,"footnotes":""},"class_list":["post-10518","page","type-page","status-publish","hentry"],"acf":[],"yoast_head":"<!-- This site is optimized with the Yoast SEO Premium plugin v26.4 (Yoast SEO v27.3) - https:\/\/yoast.com\/product\/yoast-seo-premium-wordpress\/ -->\n<title>T\u00e9rminos y Condiciones - Adslive Media<\/title>\n<meta name=\"robots\" content=\"index, follow, max-snippet:-1, max-image-preview:large, max-video-preview:-1\" \/>\n<link rel=\"canonical\" href=\"https:\/\/adslivemedia.com\/en\/terminos-y-condiciones\/\" \/>\n<meta property=\"og:locale\" content=\"en_US\" \/>\n<meta property=\"og:type\" content=\"article\" \/>\n<meta property=\"og:title\" content=\"T\u00e9rminos y Condiciones\" \/>\n<meta property=\"og:description\" content=\"En AdsLive Media valoramos y protegemos tu privacidad. La informaci\u00f3n que compartas al solicitar informaci\u00f3n a trav\u00e9s de LinkedIn ser\u00e1 utilizada exclusivamente para atender tu solicitud y ofrecerte detalles sobre nuestros productos o servicios. No compartiremos tus datos personales con [&hellip;]\" \/>\n<meta property=\"og:url\" content=\"https:\/\/adslivemedia.com\/en\/terminos-y-condiciones\/\" \/>\n<meta property=\"og:site_name\" content=\"Adslive Media\" \/>\n<meta property=\"article:publisher\" content=\"https:\/\/www.facebook.com\/AdsLiveMedia\" \/>\n<meta property=\"article:modified_time\" content=\"2025-10-27T20:52:48+00:00\" \/>\n<meta property=\"og:image\" content=\"https:\/\/adslivemedia.com\/wp-content\/uploads\/2023\/08\/adslivelogo-256.png\" \/>\n\t<meta property=\"og:image:width\" content=\"256\" \/>\n\t<meta property=\"og:image:height\" content=\"256\" \/>\n\t<meta property=\"og:image:type\" content=\"image\/png\" \/>\n<meta name=\"twitter:card\" content=\"summary_large_image\" \/>\n<script type=\"application\/ld+json\" class=\"yoast-schema-graph\">{\"@context\":\"https:\\\/\\\/schema.org\",\"@graph\":[{\"@type\":\"WebPage\",\"@id\":\"https:\\\/\\\/adslivemedia.com\\\/en\\\/terminos-y-condiciones\\\/\",\"url\":\"https:\\\/\\\/adslivemedia.com\\\/en\\\/terminos-y-condiciones\\\/\",\"name\":\"T\u00e9rminos y Condiciones - Adslive Media\",\"isPartOf\":{\"@id\":\"http:\\\/\\\/172.26.6.58\\\/#website\"},\"datePublished\":\"2025-10-27T20:52:47+00:00\",\"dateModified\":\"2025-10-27T20:52:48+00:00\",\"breadcrumb\":{\"@id\":\"https:\\\/\\\/adslivemedia.com\\\/en\\\/terminos-y-condiciones\\\/#breadcrumb\"},\"inLanguage\":\"en-US\",\"potentialAction\":[{\"@type\":\"ReadAction\",\"target\":[\"https:\\\/\\\/adslivemedia.com\\\/en\\\/terminos-y-condiciones\\\/\"]}]},{\"@type\":\"BreadcrumbList\",\"@id\":\"https:\\\/\\\/adslivemedia.com\\\/en\\\/terminos-y-condiciones\\\/#breadcrumb\",\"itemListElement\":[{\"@type\":\"ListItem\",\"position\":1,\"name\":\"Portada\",\"item\":\"http:\\\/\\\/172.26.6.58\\\/\"},{\"@type\":\"ListItem\",\"position\":2,\"name\":\"T\u00e9rminos y Condiciones\"}]},{\"@type\":\"WebSite\",\"@id\":\"http:\\\/\\\/172.26.6.58\\\/#website\",\"url\":\"http:\\\/\\\/172.26.6.58\\\/\",\"name\":\"Adslive Media\",\"description\":\"Comercializadora de medios digitales\",\"publisher\":{\"@id\":\"http:\\\/\\\/172.26.6.58\\\/#organization\"},\"alternateName\":\"AdsLive\",\"potentialAction\":[{\"@type\":\"SearchAction\",\"target\":{\"@type\":\"EntryPoint\",\"urlTemplate\":\"http:\\\/\\\/172.26.6.58\\\/?s={search_term_string}\"},\"query-input\":{\"@type\":\"PropertyValueSpecification\",\"valueRequired\":true,\"valueName\":\"search_term_string\"}}],\"inLanguage\":\"en-US\"},{\"@type\":\"Organization\",\"@id\":\"http:\\\/\\\/172.26.6.58\\\/#organization\",\"name\":\"Adslive Media\",\"url\":\"http:\\\/\\\/172.26.6.58\\\/\",\"logo\":{\"@type\":\"ImageObject\",\"inLanguage\":\"en-US\",\"@id\":\"http:\\\/\\\/172.26.6.58\\\/#\\\/schema\\\/logo\\\/image\\\/\",\"url\":\"https:\\\/\\\/adslivemedia.com\\\/wp-content\\\/uploads\\\/2022\\\/11\\\/btn-play.png\",\"contentUrl\":\"https:\\\/\\\/adslivemedia.com\\\/wp-content\\\/uploads\\\/2022\\\/11\\\/btn-play.png\",\"width\":439,\"height\":474,\"caption\":\"Adslive Media\"},\"image\":{\"@id\":\"http:\\\/\\\/172.26.6.58\\\/#\\\/schema\\\/logo\\\/image\\\/\"},\"sameAs\":[\"https:\\\/\\\/www.facebook.com\\\/AdsLiveMedia\"]}]}<\/script>\n<!-- \/ Yoast SEO Premium plugin. -->","yoast_head_json":{"title":"T\u00e9rminos y Condiciones - Adslive Media","robots":{"index":"index","follow":"follow","max-snippet":"max-snippet:-1","max-image-preview":"max-image-preview:large","max-video-preview":"max-video-preview:-1"},"canonical":"https:\/\/adslivemedia.com\/en\/terminos-y-condiciones\/","og_locale":"en_US","og_type":"article","og_title":"T\u00e9rminos y Condiciones","og_description":"En AdsLive Media valoramos y protegemos tu privacidad. La informaci\u00f3n que compartas al solicitar informaci\u00f3n a trav\u00e9s de LinkedIn ser\u00e1 utilizada exclusivamente para atender tu solicitud y ofrecerte detalles sobre nuestros productos o servicios. No compartiremos tus datos personales con [&hellip;]","og_url":"https:\/\/adslivemedia.com\/en\/terminos-y-condiciones\/","og_site_name":"Adslive Media","article_publisher":"https:\/\/www.facebook.com\/AdsLiveMedia","article_modified_time":"2025-10-27T20:52:48+00:00","og_image":[{"width":256,"height":256,"url":"https:\/\/adslivemedia.com\/wp-content\/uploads\/2023\/08\/adslivelogo-256.png","type":"image\/png"}],"twitter_card":"summary_large_image","schema":{"@context":"https:\/\/schema.org","@graph":[{"@type":"WebPage","@id":"https:\/\/adslivemedia.com\/en\/terminos-y-condiciones\/","url":"https:\/\/adslivemedia.com\/en\/terminos-y-condiciones\/","name":"T\u00e9rminos y Condiciones - Adslive Media","isPartOf":{"@id":"http:\/\/172.26.6.58\/#website"},"datePublished":"2025-10-27T20:52:47+00:00","dateModified":"2025-10-27T20:52:48+00:00","breadcrumb":{"@id":"https:\/\/adslivemedia.com\/en\/terminos-y-condiciones\/#breadcrumb"},"inLanguage":"en-US","potentialAction":[{"@type":"ReadAction","target":["https:\/\/adslivemedia.com\/en\/terminos-y-condiciones\/"]}]},{"@type":"BreadcrumbList","@id":"https:\/\/adslivemedia.com\/en\/terminos-y-condiciones\/#breadcrumb","itemListElement":[{"@type":"ListItem","position":1,"name":"Portada","item":"http:\/\/172.26.6.58\/"},{"@type":"ListItem","position":2,"name":"T\u00e9rminos y Condiciones"}]},{"@type":"WebSite","@id":"http:\/\/172.26.6.58\/#website","url":"http:\/\/172.26.6.58\/","name":"Adslive Media","description":"Comercializadora de medios digitales","publisher":{"@id":"http:\/\/172.26.6.58\/#organization"},"alternateName":"AdsLive","potentialAction":[{"@type":"SearchAction","target":{"@type":"EntryPoint","urlTemplate":"http:\/\/172.26.6.58\/?s={search_term_string}"},"query-input":{"@type":"PropertyValueSpecification","valueRequired":true,"valueName":"search_term_string"}}],"inLanguage":"en-US"},{"@type":"Organization","@id":"http:\/\/172.26.6.58\/#organization","name":"Adslive Media","url":"http:\/\/172.26.6.58\/","logo":{"@type":"ImageObject","inLanguage":"en-US","@id":"http:\/\/172.26.6.58\/#\/schema\/logo\/image\/","url":"https:\/\/adslivemedia.com\/wp-content\/uploads\/2022\/11\/btn-play.png","contentUrl":"https:\/\/adslivemedia.com\/wp-content\/uploads\/2022\/11\/btn-play.png","width":439,"height":474,"caption":"Adslive Media"},"image":{"@id":"http:\/\/172.26.6.58\/#\/schema\/logo\/image\/"},"sameAs":["https:\/\/www.facebook.com\/AdsLiveMedia"]}]}},"_links":{"self":[{"href":"https:\/\/adslivemedia.com\/en\/wp-json\/wp\/v2\/pages\/10518","targetHints":{"allow":["GET"]}}],"collection":[{"href":"https:\/\/adslivemedia.com\/en\/wp-json\/wp\/v2\/pages"}],"about":[{"href":"https:\/\/adslivemedia.com\/en\/wp-json\/wp\/v2\/types\/page"}],"author":[{"embeddable":true,"href":"https:\/\/adslivemedia.com\/en\/wp-json\/wp\/v2\/users\/1"}],"replies":[{"embeddable":true,"href":"https:\/\/adslivemedia.com\/en\/wp-json\/wp\/v2\/comments?post=10518"}],"version-history":[{"count":1,"href":"https:\/\/adslivemedia.com\/en\/wp-json\/wp\/v2\/pages\/10518\/revisions"}],"predecessor-version":[{"id":10519,"href":"https:\/\/adslivemedia.com\/en\/wp-json\/wp\/v2\/pages\/10518\/revisions\/10519"}],"wp:attachment":[{"href":"https:\/\/adslivemedia.com\/en\/wp-json\/wp\/v2\/media?parent=10518"}],"curies":[{"name":"wp","href":"https:\/\/api.w.org\/{rel}","templated":true}]}}